{"id":977,"date":"2019-08-10T17:37:33","date_gmt":"2019-08-10T17:37:33","guid":{"rendered":"http:\/\/anncathrin-scheider.de\/?page_id=977"},"modified":"2019-08-10T19:30:13","modified_gmt":"2019-08-10T19:30:13","slug":"innovation","status":"publish","type":"page","link":"https:\/\/anncathrin-scheider.de\/en\/innovation\/","title":{"rendered":"INNOVATION"},"content":{"rendered":"\n<figure class=\"wp-block-image\"><img loading=\"lazy\" decoding=\"async\" width=\"1024\" height=\"614\" src=\"http:\/\/anncathrin-scheider.de\/wp-content\/uploads\/2019\/08\/anca_illu_teamcoaching-1024x614.jpg\" alt=\"\" class=\"wp-image-978\" srcset=\"https:\/\/anncathrin-scheider.de\/wp-content\/uploads\/2019\/08\/anca_illu_teamcoaching-1024x614.jpg 1024w, https:\/\/anncathrin-scheider.de\/wp-content\/uploads\/2019\/08\/anca_illu_teamcoaching-300x180.jpg 300w, https:\/\/anncathrin-scheider.de\/wp-content\/uploads\/2019\/08\/anca_illu_teamcoaching-768x461.jpg 768w\" sizes=\"auto, (max-width: 1024px) 100vw, 1024px\" \/><figcaption>Illustration: Janina Freistedt, www.freisinn.net<\/figcaption><\/figure>\n\n\n\n<blockquote class=\"wp-block-quote is-layout-flow wp-block-quote-is-layout-flow\"><p><em>Vielversprechende Ideen liegen nicht herum, um entdeckt zu werden. Solche Ideen m\u00fcssen produziert werden.<\/em> <\/p><cite> Edward De Bono<\/cite><\/blockquote>\n\n\n\n<p>Man kann darauf warten, dass innovative Ideen einen irgendwann unter der Dusche ereilen. Kein Problem. Dauert aber lange. <\/p>\n\n\n\n<p>Stattdessen k\u00f6nnen innovative Ideen gezielt geschaffen werden. Alles was man daf\u00fcr braucht sind die richtigen Leute, ein guter Plan und ein inspirierendes Thema oder Problem. Bei diesem Setup und der Durchf\u00fchrung der kreativen Sessions oder Workshops helfe ich Ihnen gern. <\/p>\n\n\n\n<p>Seit einigen Jahren besch\u00e4ftige ich mich mit dem Thema und bin seit 2016 Mitglied im BrainStore Netzwerk in der Schweiz, welches sich ausschlie\u00dflich mit der Produktion von Ideen befasst. Hier habe ich in gro\u00dfen Projekten wie z.B. mit der Schweizer Bahn, SIKA und der Schweizer Gesundheitsf\u00f6rderung mitgewirkt. <\/p>\n\n\n\n<p>Aber auch vor Ort habe ich einige Prozesse geplant und umgesetzt. Zuletzt ein Projekt mit der Wirtschaftsf\u00f6rderung in Bremen (siehe Video). <\/p>\n\n\n\n<p>Wenn Sie an einem Punkt sind, an dem Sie die Herausforderungen innovativ angehen wollen oder ganz neue Produkte, Services oder L\u00f6sungen schaffen wollen, dann sind Sie hier goldrichtig und ich freue mich auf Ihren Anruf!<\/p>\n\n\n\n<figure class=\"wp-block-embed-youtube wp-block-embed is-type-video is-provider-youtube wp-embed-aspect-16-9 wp-has-aspect-ratio\"><div class=\"wp-block-embed__wrapper\">\n<iframe loading=\"lazy\" title=\"Bar Camp Fachkr\u00e4fte f\u00fcr Bremen 2019\" width=\"660\" height=\"371\" src=\"https:\/\/www.youtube.com\/embed\/DI3c3NOJpzw?feature=oembed\" frameborder=\"0\" allow=\"accelerometer; autoplay; clipboard-write; encrypted-media; gyroscope; picture-in-picture; web-share\" referrerpolicy=\"strict-origin-when-cross-origin\" allowfullscreen><\/iframe>\n<\/div><\/figure>\n","protected":false},"excerpt":{"rendered":"<p>Vielversprechende Ideen liegen nicht herum, um entdeckt zu werden. Solche Ideen m\u00fcssen produziert werden. Edward De Bono Man kann darauf warten, dass innovative Ideen einen irgendwann unter der Dusche ereilen. Kein Problem. Dauert aber lange. Stattdessen k\u00f6nnen innovative Ideen gezielt geschaffen werden. Alles was man daf\u00fcr braucht sind die richtigen Leute, ein guter Plan und &hellip; <a href=\"https:\/\/anncathrin-scheider.de\/en\/innovation\/\" class=\"more-link\">Continue reading <span class=\"screen-reader-text\">INNOVATION<\/span><\/a><\/p>\n","protected":false},"author":1,"featured_media":0,"parent":0,"menu_order":0,"comment_status":"closed","ping_status":"closed","template":"","meta":{"footnotes":""},"class_list":["post-977","page","type-page","status-publish","hentry"],"_links":{"self":[{"href":"https:\/\/anncathrin-scheider.de\/en\/wp-json\/wp\/v2\/pages\/977","targetHints":{"allow":["GET"]}}],"collection":[{"href":"https:\/\/anncathrin-scheider.de\/en\/wp-json\/wp\/v2\/pages"}],"about":[{"href":"https:\/\/anncathrin-scheider.de\/en\/wp-json\/wp\/v2\/types\/page"}],"author":[{"embeddable":true,"href":"https:\/\/anncathrin-scheider.de\/en\/wp-json\/wp\/v2\/users\/1"}],"replies":[{"embeddable":true,"href":"https:\/\/anncathrin-scheider.de\/en\/wp-json\/wp\/v2\/comments?post=977"}],"version-history":[{"count":4,"href":"https:\/\/anncathrin-scheider.de\/en\/wp-json\/wp\/v2\/pages\/977\/revisions"}],"predecessor-version":[{"id":994,"href":"https:\/\/anncathrin-scheider.de\/en\/wp-json\/wp\/v2\/pages\/977\/revisions\/994"}],"wp:attachment":[{"href":"https:\/\/anncathrin-scheider.de\/en\/wp-json\/wp\/v2\/media?parent=977"}],"curies":[{"name":"wp","href":"https:\/\/api.w.org\/{rel}","templated":true}]}}